{"id":72,"date":"2020-02-02T05:50:09","date_gmt":"2020-02-02T05:50:09","guid":{"rendered":"https:\/\/jupiterx.artbees.net\/shared-workspace\/?page_id=72"},"modified":"2020-10-21T17:54:00","modified_gmt":"2020-10-21T17:54:00","slug":"neuigkeiten","status":"publish","type":"page","link":"https:\/\/dstation.org\/de\/neuigkeiten\/","title":{"rendered":"Neuigkeiten"},"content":{"rendered":"\t\t<div data-elementor-type=\"wp-page\" data-elementor-id=\"72\" class=\"elementor elementor-72\" data-elementor-post-type=\"page\">\n\t\t\t\t\t\t<section class=\"elementor-section elementor-top-section elementor-element elementor-element-60d3d42 elementor-section-boxed elementor-section-height-default elementor-section-height-default\" data-id=\"60d3d42\" data-element_type=\"section\" data-settings=\"{&quot;background_background&quot;:&quot;classic&quot;,&quot;shape_divider_bottom&quot;:&quot;tilt&quot;}\">\n\t\t\t\t\t<div class=\"elementor-shape elementor-shape-bottom\" data-negative=\"false\">\n\t\t\t<svg xmlns=\"http:\/\/www.w3.org\/2000\/svg\" viewBox=\"0 0 1000 100\" preserveAspectRatio=\"none\">\n\t<path class=\"elementor-shape-fill\" d=\"M0,6V0h1000v100L0,6z\"\/>\n<\/svg>\t\t<\/div>\n\t\t\t\t\t<div class=\"elementor-container elementor-column-gap-no\">\n\t\t\t\t\t<div class=\"elementor-column elementor-col-100 elementor-top-column elementor-element elementor-element-1feff59\" data-id=\"1feff59\" data-element_type=\"column\">\n\t\t\t<div class=\"elementor-widget-wrap elementor-element-populated\">\n\t\t\t\t\t\t<div class=\"elementor-element elementor-element-18eb0ec elementor-widget elementor-widget-heading\" data-id=\"18eb0ec\" data-element_type=\"widget\" data-widget_type=\"heading.default\">\n\t\t\t\t<div class=\"elementor-widget-container\">\n\t\t\t<h1 class=\"elementor-heading-title elementor-size-default\">Neuigkeiten<\/h1>\t\t<\/div>\n\t\t\t\t<\/div>\n\t\t\t\t<div class=\"elementor-element elementor-element-37d5da6 elementor-align-left elementor-widget elementor-widget-raven-breadcrumbs\" data-id=\"37d5da6\" data-element_type=\"widget\" data-widget_type=\"raven-breadcrumbs.default\">\n\t\t\t\t<div class=\"elementor-widget-container\">\n\t\t\t<div class=\"raven-breadcrumbs raven-breadcrumbs-default\"><div class=\"breadcrumb\">\t\t\t\t<div class=\"breadcrumb-item active\" aria-current=\"page\"><span>Home<\/span><\/div>\n\n\t\t\t\t<\/div><\/div>\t\t<\/div>\n\t\t\t\t<\/div>\n\t\t\t\t\t<\/div>\n\t\t<\/div>\n\t\t\t\t\t<\/div>\n\t\t<\/section>\n\t\t\t\t<section class=\"elementor-section elementor-top-section elementor-element elementor-element-adc8850 elementor-section-boxed elementor-section-height-default elementor-section-height-default\" data-id=\"adc8850\" data-element_type=\"section\">\n\t\t\t\t\t\t<div class=\"elementor-container elementor-column-gap-no\">\n\t\t\t\t\t<div class=\"elementor-column elementor-col-100 elementor-top-column elementor-element elementor-element-17d0824\" data-id=\"17d0824\" data-element_type=\"column\">\n\t\t\t<div class=\"elementor-widget-wrap elementor-element-populated\">\n\t\t\t\t\t\t<div class=\"elementor-element elementor-element-f480c8f raven-hover-scale-down elementor-widget elementor-widget-raven-posts\" data-id=\"f480c8f\" data-element_type=\"widget\" data-settings=\"{&quot;classic_columns&quot;:&quot;1&quot;,&quot;query_posts_per_page&quot;:&quot;3&quot;,&quot;classic_columns_tablet&quot;:&quot;1&quot;,&quot;classic_show_pagination&quot;:&quot;yes&quot;,&quot;classic_pagination_type&quot;:&quot;infinite_load&quot;,&quot;_skin&quot;:&quot;classic&quot;,&quot;classic_layout&quot;:&quot;grid&quot;,&quot;classic_columns_mobile&quot;:&quot;1&quot;,&quot;query_offset&quot;:0}\" data-widget_type=\"raven-posts.classic\">\n\t\t\t\t<div class=\"elementor-widget-container\">\n\t\t\t\t\t<div class=\"raven-posts raven-grid raven-grid-1 raven-grid-mobile-1 raven-grid-tablet-1\" data-post-id=\"72\" data-archive-query=\"\" data-lang=\"\">\n\t\t\t\t<div class=\"raven-grid-item raven-post-item post-1447 post type-post status-publish format-standard has-post-thumbnail hentry category-unkategorisiert\">\n\t\t\t<div class=\"raven-post raven-post-inline raven-post-inline-left\">\n\t\t\t\t\t\t<div class=\"raven-post-image-wrap\">\n\t\t\t<a class=\"raven-post-image raven-image-fit\" href=\"https:\/\/dstation.org\/de\/menschen-modelle-trends\/\"><img fetchpriority=\"high\" decoding=\"async\" width=\"1024\" height=\"956\" src=\"https:\/\/dstation.org\/wp-content\/uploads\/2020\/11\/2020-11-23-Studie-CWL-BS-1024x956.jpg\" class=\"attachment-large size-large wp-image-1455\" alt=\"\" srcset=\"https:\/\/dstation.org\/wp-content\/uploads\/2020\/11\/2020-11-23-Studie-CWL-BS-1024x956.jpg 1024w, https:\/\/dstation.org\/wp-content\/uploads\/2020\/11\/2020-11-23-Studie-CWL-BS-300x280.jpg 300w, https:\/\/dstation.org\/wp-content\/uploads\/2020\/11\/2020-11-23-Studie-CWL-BS-768x717.jpg 768w, https:\/\/dstation.org\/wp-content\/uploads\/2020\/11\/2020-11-23-Studie-CWL-BS-1536x1434.jpg 1536w, https:\/\/dstation.org\/wp-content\/uploads\/2020\/11\/2020-11-23-Studie-CWL-BS.jpg 1677w\" sizes=\"(max-width: 1024px) 100vw, 1024px\" \/> <span class=\"raven-post-image-overlay\"><\/span><\/a>\t\t<\/div>\n\t\t\t\t\t\t<div class=\"raven-post-content\">\n\t\t\t\t\t\t\t<div class=\"raven-post-meta\"><a class=\"raven-post-meta-item raven-post-date\" href=\"https:\/\/dstation.org\/de\/2020\/11\/\" rel=\"bookmark\">26. November 2020<\/a><\/div>\n\t\t<h2 class=\"raven-post-title\"><a class=\"raven-post-title-link\" href=\"https:\/\/dstation.org\/de\/menschen-modelle-trends\/\">Menschen, Modelle, Trends<\/a><\/h2><div class=\"raven-post-excerpt\">New Work. W\u00e4hrend sich Coworking-Spaces in den gro\u00dfen St\u00e4dten dieser Welt l\u00e4ngst etabliert haben, ist die neue Arbeitsform in den l\u00e4ndlichen Regionen noch weitestgehend unbekannt. Hat urbanes Arbeiten auf dem<\/div>\t\t<div class=\"raven-post-read-more\">\n\t\t\t<a class=\"raven-post-button\" href=\"https:\/\/dstation.org\/de\/menschen-modelle-trends\/\"><span class=\"raven-post-button-text\">Weiterlesen<\/span><\/a>\n\t\t<\/div>\n\t\t\t\t\t\t<\/div>\n\t\t\t<\/div>\n\t\t<\/div>\n\t\t\t\t<div class=\"raven-grid-item raven-post-item post-1291 post type-post status-publish format-standard has-post-thumbnail hentry category-zeitung\">\n\t\t\t<div class=\"raven-post raven-post-inline raven-post-inline-left\">\n\t\t\t\t\t\t<div class=\"raven-post-image-wrap\">\n\t\t\t<a class=\"raven-post-image raven-image-fit\" href=\"https:\/\/dstation.org\/de\/von-salat-und-zeitungsbeilagen\/\"><img decoding=\"async\" width=\"1024\" height=\"576\" src=\"https:\/\/dstation.org\/wp-content\/uploads\/2020\/10\/2020-10-30-1-1024x576.jpg\" class=\"attachment-large size-large wp-image-1303\" alt=\"\" srcset=\"https:\/\/dstation.org\/wp-content\/uploads\/2020\/10\/2020-10-30-1-1024x576.jpg 1024w, https:\/\/dstation.org\/wp-content\/uploads\/2020\/10\/2020-10-30-1-300x169.jpg 300w, https:\/\/dstation.org\/wp-content\/uploads\/2020\/10\/2020-10-30-1-768x432.jpg 768w, https:\/\/dstation.org\/wp-content\/uploads\/2020\/10\/2020-10-30-1-1536x864.jpg 1536w, https:\/\/dstation.org\/wp-content\/uploads\/2020\/10\/2020-10-30-1-2048x1152.jpg 2048w\" sizes=\"(max-width: 1024px) 100vw, 1024px\" \/> <span class=\"raven-post-image-overlay\"><\/span><\/a>\t\t<\/div>\n\t\t\t\t\t\t<div class=\"raven-post-content\">\n\t\t\t\t\t\t\t<div class=\"raven-post-meta\"><a class=\"raven-post-meta-item raven-post-date\" href=\"https:\/\/dstation.org\/de\/2020\/10\/\" rel=\"bookmark\">30. Oktober 2020<\/a><\/div>\n\t\t<h2 class=\"raven-post-title\"><a class=\"raven-post-title-link\" href=\"https:\/\/dstation.org\/de\/von-salat-und-zeitungsbeilagen\/\">Von Salat- und Zeitungsbeilagen<\/a><\/h2><div class=\"raven-post-excerpt\">Wer am Freitag, dem 30. Oktober 2020, die Wolfenb\u00fctteler Zeitung aufschlug, hatte einmal mehr den DSTATION KreativCampus vor der Nase. Unter dem Titel \u201eArbeitsalltag zwischen Laptop und Salatbeet\u201c wurde uns<\/div>\t\t<div class=\"raven-post-read-more\">\n\t\t\t<a class=\"raven-post-button\" href=\"https:\/\/dstation.org\/de\/von-salat-und-zeitungsbeilagen\/\"><span class=\"raven-post-button-text\">Weiterlesen<\/span><\/a>\n\t\t<\/div>\n\t\t\t\t\t\t<\/div>\n\t\t\t<\/div>\n\t\t<\/div>\n\t\t\t\t<div class=\"raven-grid-item raven-post-item post-1189 post type-post status-publish format-standard has-post-thumbnail hentry category-veranstaltungen tag-lab4land tag-startups\">\n\t\t\t<div class=\"raven-post raven-post-inline raven-post-inline-left\">\n\t\t\t\t\t\t<div class=\"raven-post-image-wrap\">\n\t\t\t<a class=\"raven-post-image raven-image-fit\" href=\"https:\/\/dstation.org\/de\/lab4land-endet\/\"><img decoding=\"async\" width=\"1024\" height=\"576\" src=\"https:\/\/dstation.org\/wp-content\/uploads\/2020\/10\/IMG_20200909_144450-1024x576.jpg\" class=\"attachment-large size-large wp-image-1196\" alt=\"\" srcset=\"https:\/\/dstation.org\/wp-content\/uploads\/2020\/10\/IMG_20200909_144450-1024x576.jpg 1024w, https:\/\/dstation.org\/wp-content\/uploads\/2020\/10\/IMG_20200909_144450-300x169.jpg 300w, https:\/\/dstation.org\/wp-content\/uploads\/2020\/10\/IMG_20200909_144450-768x432.jpg 768w, https:\/\/dstation.org\/wp-content\/uploads\/2020\/10\/IMG_20200909_144450-1536x864.jpg 1536w, https:\/\/dstation.org\/wp-content\/uploads\/2020\/10\/IMG_20200909_144450-2048x1152.jpg 2048w\" sizes=\"(max-width: 1024px) 100vw, 1024px\" \/> <span class=\"raven-post-image-overlay\"><\/span><\/a>\t\t<\/div>\n\t\t\t\t\t\t<div class=\"raven-post-content\">\n\t\t\t\t\t\t\t<div class=\"raven-post-meta\"><a class=\"raven-post-meta-item raven-post-date\" href=\"https:\/\/dstation.org\/de\/2020\/10\/\" rel=\"bookmark\">5. Oktober 2020<\/a><\/div>\n\t\t<h2 class=\"raven-post-title\"><a class=\"raven-post-title-link\" href=\"https:\/\/dstation.org\/de\/lab4land-endet\/\">Lab4Land endet<\/a><\/h2><div class=\"raven-post-excerpt\">Wir haben die Feuertaufe bestanden! Mit dem Lab4Land ging am Freitag, dem 02. Oktober 2020, Deutschlands erster Accelerator mit Fokus auf l\u00e4ndliche Innovation zu Ende \u2013 und damit auch die<\/div>\t\t<div class=\"raven-post-read-more\">\n\t\t\t<a class=\"raven-post-button\" href=\"https:\/\/dstation.org\/de\/lab4land-endet\/\"><span class=\"raven-post-button-text\">Weiterlesen<\/span><\/a>\n\t\t<\/div>\n\t\t\t\t\t\t<\/div>\n\t\t\t<\/div>\n\t\t<\/div>\n\t\t\t\t<\/div>\n\t\t<span class=\"raven-infinite-load\"><\/span>\t\t<\/div>\n\t\t\t\t<\/div>\n\t\t\t\t\t<\/div>\n\t\t<\/div>\n\t\t\t\t\t<\/div>\n\t\t<\/section>\n\t\t\t\t<\/div>\n\t\t","protected":false},"excerpt":{"rendered":"<p>Neuigkeiten Home 5. Oktober 2020 Lab4Land endet Wir haben die Feuertaufe bestanden! Mit dem Lab4Land ging am Freitag, dem 02. Oktober 2020, Deutschlands erster Accelerator mit Fokus auf l\u00e4ndliche Innovation zu Ende \u2013 und damit auch die Weiterlesen 2. Oktober 2020 Kultur im Hof Bunte Lichter, gro\u00dfartige Musik, gl\u00fcckliche Gesichter. Am Freitag, dem 02. Oktober [&hellip;]<\/p>\n","protected":false},"author":5,"featured_media":0,"parent":0,"menu_order":0,"comment_status":"closed","ping_status":"closed","template":"full-width.php","meta":{"_acf_changed":false,"footnotes":""},"class_list":["post-72","page","type-page","status-publish","hentry"],"acf":[],"aioseo_notices":[],"_links":{"self":[{"href":"https:\/\/dstation.org\/de\/wp-json\/wp\/v2\/pages\/72","targetHints":{"allow":["GET"]}}],"collection":[{"href":"https:\/\/dstation.org\/de\/wp-json\/wp\/v2\/pages"}],"about":[{"href":"https:\/\/dstation.org\/de\/wp-json\/wp\/v2\/types\/page"}],"author":[{"embeddable":true,"href":"https:\/\/dstation.org\/de\/wp-json\/wp\/v2\/users\/5"}],"replies":[{"embeddable":true,"href":"https:\/\/dstation.org\/de\/wp-json\/wp\/v2\/comments?post=72"}],"version-history":[{"count":9,"href":"https:\/\/dstation.org\/de\/wp-json\/wp\/v2\/pages\/72\/revisions"}],"predecessor-version":[{"id":1283,"href":"https:\/\/dstation.org\/de\/wp-json\/wp\/v2\/pages\/72\/revisions\/1283"}],"wp:attachment":[{"href":"https:\/\/dstation.org\/de\/wp-json\/wp\/v2\/media?parent=72"}],"curies":[{"name":"wp","href":"https:\/\/api.w.org\/{rel}","templated":true}]}}